{"id":92,"date":"2011-03-27T16:01:15","date_gmt":"2011-03-28T00:01:15","guid":{"rendered":"http:\/\/wandererstraining.co.cc\/fr\/?page_id=92"},"modified":"2022-12-23T21:43:30","modified_gmt":"2022-12-24T05:43:30","slug":"services-et-contact","status":"publish","type":"page","link":"https:\/\/wandererstraining.com\/fr\/?page_id=92","title":{"rendered":"Services et contact"},"content":{"rendered":"<p style=\"text-align: justify;\"><strong>Services offerts:<\/strong><\/p>\n<p style=\"text-align: justify;\">Entra\u00eenement personnel et cours d'\u00e9quilibrisme sur les mains. D\u00e9tails disponibles sur <a href=\"https:\/\/handstandsvancouver.com\/\">handstandsvancouver.com<\/a>.<\/p>\n<p><strong>Comment \u00e7a fonctionne?<\/strong><\/p>\n<p>Vous me contactez par courriel, message texte ou messagerie (Facebook, Instagram). Nous trouvons un moment appropri\u00e9 o\u00f9 je puisse vous rencontrer et vous entra\u00eener. Une session dure entre une heure et deux heures, tout d\u00e9pendant de vos besoins et de votre niveau. Je rencontre chaque nouvel \u00e9tudiant individuellement pour la premi\u00e8re session, la seule exception \u00e9tant ceux qui se pr\u00e9sentent avec une personne qu'ils connaissent d\u00e9j\u00e0. Si je vois que votre niveau et vos demandes s'accordent avec ceux d'un autre \u00e9tudiant, je peux vous offrir de vous entra\u00eener ensemble pour former un cours semi-priv\u00e9 et vous aider \u00e0 \u00e9pargner. Mes prix sont pour une session compl\u00e8te. peu importe la dur\u00e9e.<\/p>\n<p>Veuillez me contacter pour de plus amples d\u00e9tails et pour prendre un rendez-vous.<\/p>\n<p><strong>Contact:<\/strong><\/p>\n<p>Jonathan F.V.<br \/>\njfvtraining@gmail.com<br \/>\nVancouver, Colombie-Britannique, Canada<br \/>\n(604)365-6133 (veuillez me contacter par message texte)<\/p>\n<p style=\"text-align: right;\"><a href=\"..\/index.php?language=english&amp;redirect=en\/?page_id=59\">Read in English<\/a><\/p>\n<!-- AddThis Advanced Settings generic via filter on the_content --><!-- AddThis Share Buttons generic via filter on the_content -->","protected":false},"excerpt":{"rendered":"<p>Services offerts: Entra\u00eenement personnel et cours d&rsquo;\u00e9quilibrisme sur les mains. D\u00e9tails disponibles sur handstandsvancouver.com. Comment \u00e7a fonctionne? Vous me contactez par courriel, message texte ou messagerie (Facebook, Instagram). Nous trouvons un moment appropri\u00e9 o\u00f9 je puisse vous rencontrer et vous entra\u00eener. Une session dure entre une heure et deux heures, tout d\u00e9pendant de vos besoins [&hellip;]<!-- AddThis Advanced Settings generic via filter on get_the_excerpt --><!-- AddThis Share Buttons generic via filter on get_the_excerpt --><\/p>\n","protected":false},"author":1,"featured_media":0,"parent":0,"menu_order":0,"comment_status":"open","ping_status":"open","template":"","meta":{"footnotes":""},"_links":{"self":[{"href":"https:\/\/wandererstraining.com\/fr\/index.php?rest_route=\/wp\/v2\/pages\/92"}],"collection":[{"href":"https:\/\/wandererstraining.com\/fr\/index.php?rest_route=\/wp\/v2\/pages"}],"about":[{"href":"https:\/\/wandererstraining.com\/fr\/index.php?rest_route=\/wp\/v2\/types\/page"}],"author":[{"embeddable":true,"href":"https:\/\/wandererstraining.com\/fr\/index.php?rest_route=\/wp\/v2\/users\/1"}],"replies":[{"embeddable":true,"href":"https:\/\/wandererstraining.com\/fr\/index.php?rest_route=%2Fwp%2Fv2%2Fcomments&post=92"}],"version-history":[{"count":22,"href":"https:\/\/wandererstraining.com\/fr\/index.php?rest_route=\/wp\/v2\/pages\/92\/revisions"}],"predecessor-version":[{"id":652,"href":"https:\/\/wandererstraining.com\/fr\/index.php?rest_route=\/wp\/v2\/pages\/92\/revisions\/652"}],"wp:attachment":[{"href":"https:\/\/wandererstraining.com\/fr\/index.php?rest_route=%2Fwp%2Fv2%2Fmedia&parent=92"}],"curies":[{"name":"wp","href":"https:\/\/api.w.org\/{rel}","templated":true}]}}