{"id":252,"date":"2012-02-01T22:17:04","date_gmt":"2012-02-02T06:17:04","guid":{"rendered":"http:\/\/wandererstraining.com\/fr\/?page_id=252"},"modified":"2023-10-21T22:32:37","modified_gmt":"2023-10-22T06:32:37","slug":"boutique-bases-fondamentales-des-equilibres-sur-les-mains","status":"publish","type":"page","link":"https:\/\/wandererstraining.com\/fr\/?page_id=252","title":{"rendered":"Boutique &#8211; Bases fondamentales des \u00e9quilibres sur les mains"},"content":{"rendered":"<h3><a title=\"Boutique\" href=\"https:\/\/wandererstraining.com\/fr\/?page_id=142\">Retourner \u00e0 la boutique<\/a><\/h3>\n<p>&nbsp;<\/p>\n<p style=\"text-align: center;\"><a href=\"https:\/\/wandererstraining.com\/fr\/wp-content\/uploads\/2012\/03\/Bases_fondamentales_des_equilibres_sur_les_mains-Extrait.pdf\">Cliquez ici pour t\u00e9l\u00e9charger un extrait<img decoding=\"async\" class=\"aligncenter\" style=\"border: 0px;\" src=\"https:\/\/wandererstraining.com\/fr\/wp-content\/uploads\/2012\/02\/BFDESLM-Cover.jpg\" alt=\"Couverture\" \/>Cliquez ici pour t\u00e9l\u00e9charger un extrait<\/a><\/p>\n<p><center> <form action=\"https:\/\/www.paypal.com\/cgi-bin\/webscr\" method=\"post\" target=\"_top\">\n<input type=\"image\" src=\"https:\/\/www.paypal.com\/en_US\/i\/btn\/btn_xpressCheckout.gif\" border=\"0\" name=\"submit\" title=\"PayPal - The safer, easier way to pay online!\" alt=\"Buy Now\" \/>\n\n<input type=\"hidden\" name=\"encrypted\" value=\"-----BEGIN PKCS7-----MIINAQYJKoZIhvcNAQcEoIIM8jCCDO4CAQExggEwMIIBLAIBADCBlDCBjjELMAkGA1UEBhMCVVMxCzAJBgNVBAgTAkNBMRYwFAYDVQQHEw1Nb3VudGFpbiBWaWV3MRQwEgYDVQQKEwtQYXlQYWwgSW5jLjETMBEGA1UECxQKbGl2ZV9jZXJ0czERMA8GA1UEAxQIbGl2ZV9hcGkxHDAaBgkqhkiG9w0BCQEWDXJlQHBheXBhbC5jb20CAQAwDQYJKoZIhvcNAQEBBQAEgYAHo7CA5zN5wfTIUsN8z2xsP2FTnuLyDgMBY55JRf9LyJ\/zz3BM637izg1DnBDko2ZLrhe2VeQ1H0P09BP9kXWNJp5dUcWOlMaTFvPXjOrn7+mKsVWkVMplNQTgxwrAAmMK4SoPb3U+V2DzN3Q6uvOktBjFIsQmnSkTdK73z3YgojELMAkGBSsOAwIaBQAwggZ9BgkqhkiG9w0BBwEwFAYIKoZIhvcNAwcECKo2Gp4bdkG3gIIGWBrgkJ0Ji0MBdmsR88SLZ6QsqNMX38Qq5umO976k8YovGF9quqjMODIrHw9+MadiFtAn+kiojn7FNsxgxCmBHDeI0NxaflMEIU6ASOhMLlVxu+YHVPpOh85NpMbj6j0q4qu4e7aac0pWH7mvj3mNbpzKAy3shYPE63CMNCeTU\/\/moxTFY6IumPcZ4dhvmB2C\/wFvtFZQIMIiYVSHnsodfRLeOQpoJoDYQ\/nfQh48bK0V1FYRbSCWACYoXkS5kNDaO5sBsq8qbofqueN3v0HmJQexnwVNVtthVZQNF15bCfxsZmiQKPgWLBTfmQ85lLSyLpbdCuK2iOrjMm+g18P29z6xTiB33eleDspBkMsRu89J1qL7ptcUp2\/7jTR3DjHB0nt50U7ZZjf2K58ko1nX0bJLR7u69kBrzc8LPWOV6TeVPim7aYv9yHcdxBUVR2CMF+slCfiSwwUjz4JQIHO7iLO0wjeuBD7lUr+I3WaxXLS6TVrGixIjOCY5sLqLoH0kM7LG\/1UroHIZTicEW8+yuMSm5pFOu\/c+QlNCWnw03SuwXKezf9EIXun0FcfVUfbhQwidMKPj\/ZkpOhNb0fZMOGrdYX+\/kHxB5aio7ejQHbxs6Ok2rGYFj2zvp7mJSWyoE4eyNFLib9K3V9mzTWrv8LJA6gj6Y714KHajqQ\/halItxrTopqyBUxLSnCr4658L5GxVuizkFAF2xhzM2hHazLCMewqTjqCVuH1zI\/j8IrZ674QPYoV8LmQMtON3pnnnVz+Yw9EnCxk2SSDukfMZltmIxqMpuzm6f9cZr44r\/eb5T904bK1emK9CNyzhmSYZsZafmt\/e1ODwD1Oua3qgCLTa9CiGiFTjH+RpxSLlXyzE\/biDLHWIjuRxv+u5ZHFjmtLNyIhDw\/oY0iVf8gMotk7JRMkiqSk\/XJPbDSkUt2m+ArbMpQGm0FWDOYFSwNaekmTVWtsll\/hp7\/HKci1QmrtKGvaKDIR6eL60Cc25EoJEczVyrHYSv6VJZkZB2CBvn2\/9gzXFwq\/twF0QqYVAwdEj1ZeemkP5KEdILSLlnHGMguU7MRnxZfNiBrGlKv3kP5flsF\/BTtuN3NiE4P\/Wpx9O5KFi\/ayrcuxPhJ2LLrIyFVviwywfZRxPhJShi50XTim\/9lwYtMPpDiW2WAxUlxfFkKMsKL2BxjOPhtEZ6S4dtkRpyySm6LX+6SvJ9kEA28h9ac0feVgzkiAUPjAhPU0BlLG1\/ij+JWu3eM56LrIqg1iOpkOBsupcBrPGkUrRa17jrU79laALNSxoncSv\/26Whzf0FSqjaAdVmq8lW+SMC1w3Me08H9nLrubcuD7aluuCZZYLGWeAcNIkgOxxkm3rj1nyV+0dgHixVTi9YwTqFEFYdmBXQ0xecupKvI8vfdvGW1KjPFprYbY+9qzncWvAhy78o0v1vGf8Rhu6Bda2QmhJnPTpVwgk8Xdy7194wDH4YCAbr20XngJJnZMB4GLKWJRqWTX4aFzrD052tmRpcCXiig4NS7VPReqtFsdhN\/Jxobb0s3LFKci0iRlgrSxa9FJMXmRJ6vuY+TFttJGmb7dASQB5oLmIMmpUhPSt9GkPx621xDvdiEAHmcdeIQXz7iUL7idJPnrldO1IpgSeSFrfX+8\/ZJ1Fc4Sm\/gj5\/4sgU30Aet0wE+TWRGhhVfYGIIWdhLuSnn3ccCz\/K+PQB3qpe+SDkJ67luyv0t8WA291zTBWz8A9E+hlBnTzd7QAweC27EOBeaw+dwtGIvEXMvfu+KUkDVlTy5h5yZBIy7OuQWd5niJNE\/UdBW\/HXAqUYHF1UWTIVjIHuIP9jeu+vA4s2BlmiH3nkOJ6tvEIyhp8YC2GbsoLrZa96yW6kr9fvhUK6kxa2TfXGac9sthbKJFbpbCrJAKzuoVSfinTGBoT4bAImivBB3BAgwAUoRF+eVaBNF5PIBGaC2A29r0eGSLt+l\/9Yd1rvWQB8DCYj0htbKHeMaYH8C82Cb3cCr0E\/pR3CsU2Yf59Cxt0jfFwTpN1VO1wP1blbcAAiNFQWgLOOtECxN3NJh37yblAd6DNDL80oMfMOhHsgtvCyyj0RD5KZ2OemPpHhuDOTHIlvEXqE6DGwA4YECGyzkI2ZEu3u+uIV+BCdGPn2wYTovin1FcRRibGhi+gggOHMIIDgzCCAuygAwIBAgIBADANBgkqhkiG9w0BAQUFADCBjjELMAkGA1UEBhMCVVMxCzAJBgNVBAgTAkNBMRYwFAYDVQQHEw1Nb3VudGFpbiBWaWV3MRQwEgYDVQQKEwtQYXlQYWwgSW5jLjETMBEGA1UECxQKbGl2ZV9jZXJ0czERMA8GA1UEAxQIbGl2ZV9hcGkxHDAaBgkqhkiG9w0BCQEWDXJlQHBheXBhbC5jb20wHhcNMDQwMjEzMTAxMzE1WhcNMzUwMjEzMTAxMzE1WjCBjjELMAkGA1UEBhMCVVMxCzAJBgNVBAgTAkNBMRYwFAYDVQQHEw1Nb3VudGFpbiBWaWV3MRQwEgYDVQQKEwtQYXlQYWwgSW5jLjETMBEGA1UECxQKbGl2ZV9jZXJ0czERMA8GA1UEAxQIbGl2ZV9hcGkxHDAaBgkqhkiG9w0BCQEWDXJlQHBheXBhbC5jb20wgZ8wDQYJKoZIhvcNAQEBBQADgY0AMIGJAoGBAMFHTt38RMxLXJyO2SmS+Ndl72T7oKJ4u4uw+6awntALWh03PewmIJuzbALScsTS4sZoS1fKciBGoh11gIfHzylvkdNe\/hJl66\/RGqrj5rFb08sAABNTzDTiqqNpJeBsYs\/c2aiGozptX2RlnBktH+SUNpAajW724Nv2Wvhif6sFAgMBAAGjge4wgeswHQYDVR0OBBYEFJaffLvGbxe9WT9S1wob7BDWZJRrMIG7BgNVHSMEgbMwgbCAFJaffLvGbxe9WT9S1wob7BDWZJRroYGUpIGRMIGOMQswCQYDVQQGEwJVUzELMAkGA1UECBMCQ0ExFjAUBgNVBAcTDU1vdW50YWluIFZpZXcxFDASBgNVBAoTC1BheVBhbCBJbmMuMRMwEQYDVQQLFApsaXZlX2NlcnRzMREwDwYDVQQDFAhsaXZlX2FwaTEcMBoGCSqGSIb3DQEJARYNcmVAcGF5cGFsLmNvbYIBADAMBgNVHRMEBTADAQH\/MA0GCSqGSIb3DQEBBQUAA4GBAIFfOlaagFrl71+jq6OKidbWFSE+Q4FqROvdgIONth+8kSK\/\/Y\/4ihuE4Ymvzn5ceE3S\/iBSQQMjyvb+s2TWbQYDwcp129OPIbD9epdr4tJOUNiSojw7BHwYRiPh58S1xGlFgHFXwrEBb3dgNbMUa+u4qectsMAXpVHnD9wIyfmHMYIBmjCCAZYCAQEwgZQwgY4xCzAJBgNVBAYTAlVTMQswCQYDVQQIEwJDQTEWMBQGA1UEBxMNTW91bnRhaW4gVmlldzEUMBIGA1UEChMLUGF5UGFsIEluYy4xEzARBgNVBAsUCmxpdmVfY2VydHMxETAPBgNVBAMUCGxpdmVfYXBpMRwwGgYJKoZIhvcNAQkBFg1yZUBwYXlwYWwuY29tAgEAMAkGBSsOAwIaBQCgXTAYBgkqhkiG9w0BCQMxCwYJKoZIhvcNAQcBMBwGCSqGSIb3DQEJBTEPFw0yNjA0MTcwNzQxNTFaMCMGCSqGSIb3DQEJBDEWBBR8AAzA7y0QV73yvvNTYzP3NpiRrDANBgkqhkiG9w0BAQEFAASBgI7820Qd1Glf2dGwqnqSuGXnJ6jm\/A7xdJHh+wq3bWW6K0jUrjBJFh6q5JnbkLbqH6YfMHaxyqHwwxB6JjVCQMIewJxsavKMJklRe51dRsIDwH0iutxjhmJBXTA8lQAoPpJio3L+4rdxx9nPCIccTLv9ZVUK5fstd0Qk4MdAhq+d-----END PKCS7-----\" \/>\n<input type=\"hidden\" name=\"cmd\" value=\"_s-xclick\" \/>\n<\/form><br \/> <br \/> <\/center><\/p>\n<h3>Bases fondamentales des \u00e9quilibres sur les mains - 39,95$ CAN<\/h3>\n<ul>\n<li>Livre au format PDF, contenant plus de 140 pages et 500 photos<\/li>\n<li>T\u00e9l\u00e9chargeable plus d'une fois \u00e0 partir de la section membres, si vous perdez le fichier<\/li>\n<li>Vid\u00e9os de d\u00e9monstration inclus dans la section membres<\/li>\n<li>\u00c9ditions futures t\u00e9l\u00e9chargeables sans frais suppl\u00e9mentaires<\/li>\n<li>Centaines de photos de qualit\u00e9 plus \u00e9lev\u00e9e, permettant de zoomer dans le document pour mieux voir les d\u00e9tails<\/li>\n<li>Contenu solide, appris et enseign\u00e9 par l'auteur<\/li>\n<li>Approche m\u00e9thodique permettant \u00e0 toute personne d\u00e9termin\u00e9e et consistante dans son entra\u00eenement d'apprendre un \u00e9quilibre sur les mains solide<\/li>\n<li>Livre allant beaucoup plus loin que la simple r\u00e9ussite d'un \u00e9quilibre sur les mains<\/li>\n<\/ul>\n<p><center> <form action=\"https:\/\/www.paypal.com\/cgi-bin\/webscr\" method=\"post\" target=\"_top\">\n<input type=\"image\" src=\"https:\/\/www.paypal.com\/en_US\/i\/btn\/btn_xpressCheckout.gif\" border=\"0\" name=\"submit\" title=\"PayPal - The safer, easier way to pay online!\" alt=\"Buy Now\" \/>\n\n<input type=\"hidden\" name=\"encrypted\" value=\"-----BEGIN PKCS7-----MIINAQYJKoZIhvcNAQcEoIIM8jCCDO4CAQExggEwMIIBLAIBADCBlDCBjjELMAkGA1UEBhMCVVMxCzAJBgNVBAgTAkNBMRYwFAYDVQQHEw1Nb3VudGFpbiBWaWV3MRQwEgYDVQQKEwtQYXlQYWwgSW5jLjETMBEGA1UECxQKbGl2ZV9jZXJ0czERMA8GA1UEAxQIbGl2ZV9hcGkxHDAaBgkqhkiG9w0BCQEWDXJlQHBheXBhbC5jb20CAQAwDQYJKoZIhvcNAQEBBQAEgYAvuc0XZL\/AAFxqJXc68E\/vNG76cBhMon3UQbap9cJ1ixN0vqHTqE2lfomOD4eobZDzjPhp+ZxhZjIDWHgp+h0\/\/6cygMJC88S8Egt\/XHa+h2s4tUeYb7YrAhpWGgXZ+frCP\/fYyoKT+uyx4asLcDVkM+n\/57GASAYfCNcEK\/ipKjELMAkGBSsOAwIaBQAwggZ9BgkqhkiG9w0BBwEwFAYIKoZIhvcNAwcECG8BF+54bA20gIIGWCJtQ3B7eZ58DRBPj6+\/x9SCJfWhW1ZX9LSiBD8TY4QDXLUezEdp1zeqs0yOwOnjvPV+Dq4ZTvX8tebL8ZtgNA9jT4j9QfbSsq\/QE1heLj6AQdoyLpmQ+XVWXxyIu3u1TNKQw7qGSLrhj8tlBj5qvqjj1Hc0czcbimS1cZYkoCTmZoqidbyUFZNoNFcvqGJOQF8XtTMPLUilvZWZx1xdIGqTiHSh4VHQlf+SkQqlzw1jM5GVbBhXgz2tBUEkBpgeujQi0e+xyQoRutmuIRq3limJWhtFn4BS\/eSgECLypE\/6SfBEcBEhRanN3H+rMBvEi2yWWgIKy\/SaQIYf3vLrG28Lvv9APksY\/SFMMX5XRBT39TXpnV0WOMs8Wv40\/tGhT89IIhk3PP\/G8uNYkcpCTiA+IsqX78IxmKBRzJNiXYaeIX\/ZkCTQszJGmDSjUmklH88SFWE9UOpOTHzSVEvBoKv6t5TD6KzkkGQf9g6EBCYr6F+z2G3xlInZcBEfo0hSMizihARYd9qJgyxVusz0Xss0qvxIN5G6\/DyqlKVXg3+eO4YeYFT72UkZ0NFSBMTokXEmNA5eSAAi86piFLLw8WWfRW3lyRH6deVFpc4fFgjahxTpJYlot+r1H85+RvhYkz1qf8x1wvpFJ7O3+FRnv2QWe9B+5LuTtx28\/cybIezArth2tmPt+XFMI+hkZShsVxLGJzBgvUbGBjW9v9OU25YfstwZZ9mtv6UtpYBOt95WZPXQ62ncRIVJF5zHMacZZTN6ANTULF7vUjEnGbZcAZiIH41K8kk9F0mB3bIp\/PZW+EtcGVSv9Jf+\/Y6eYsXqT2MnOcB5KG5hw+vvV1GXwtHhR+AoTLeICc6omY5l4+Bi2eu4xnunpLjc3RXxs+z7Ohpc7\/8CMLTIRYdvZBIYERHK91FgtcxxoIzQIRJ5r7mT5KtOGSWWrxsOHhrij4M5klLP8i8Ht9NiLOoGqPjS7kSF4PzcE3FGk+zqLj8mfc7fPIPoetabFE9qnUXCd8q9IoRpxUP6Oj7ta4zgxLZ3R8SEr0qnFkbsYl+EkXOXSb4MPgC89XQywE1NjEIiOHh70DwEYbuF0oBlWJyqI7RIlKZNxYkVk2FH03AOVEZHZsCgvVc1R9bWGGf9wgUpmhB6NRgcgiOf4M8Dz7dP1IUURJoOuVZGcCqPBj90JKxEy2gGqGEC3N14Z180Oevq8uGa2NtAdCBRoU\/FXNbhjrJblVQq6MCQwEMY10rRAnxGgRvfkZ93Mif3ZGiBhXVuRfMDhVdzT3mHbNV7TmF4QYqPR4SC4zP7tmHj97HaKkrRgxlIW5yd0V0etwdcnifSc1ki77rqt3wyjcd1AoMXwnR0YkeFPfWSBg3qt1FWELDj87R9Cmsj\/HWJfxeXCs+3qxz3j0LxvGE\/1BdYE\/fGESJ9nhm07jozf0QJNjCaoPRSPPA9E\/+gqZ7xUicxvdyddKfZuzlsLAsIO\/9jNQWPLS4ylRIRshvbuAsDKK1YRB\/FmIv4BQLtJ1UiGGC8cHea3Fv4ha9e7kD6+xmGgo0X8Jv6gi+bE6YTXY38zX6i3d0Yu6lP5qmejP+vRralTmcxxTeMY9Kge9lw2+KuFzJXhstMIWrAZTN+BRT\/P5cjURXvJKkVawSIBFuauvJIPlXYx\/DozWDHQTXCmPT2abYxQA9ZXADkD8HAnNBI8RyZSqQ2sR+9\/jV7lbne0w6c9hIFZ9qGljh4hkb2QwljPnrTuS1Xn0Ug8vAe5+h0kwHR1NwfWWklNH+oRXpTVLkysb5HfPa2RN2zJEFrf9\/RJCp69m6wL83ru+2XjDi9nU89xAr8pbQusc+BX4vo2d7Ujlusmf\/bWHkN\/5sKU2DAn58BIPPuYNRMVZz1fxmHqNfy47VUipGl0jgc4IJXF2KX+tuzk\/X8v35Zgjlq8rf8SqVNS\/ox6OtOUX3LMcUdefohl11845v5Fr5WOzLI22DCsK738jIcPS+JggqYjWNrKn\/RrqqjTcVqZprKhCxVytsluyBAQAoTwjEogqdBQ9pSY1aMb7wWMlEiOsbZFMKhXAO\/IfRPXN4GR8uqU8qNS+GehBhJZU54rAbJX+zEaTnRMKl6EouVzA+Ue9d1E62AL6nuU+ZDeIAQyDKcGYpEd5c+jQGAc56AG229ViqNN5SgggOHMIIDgzCCAuygAwIBAgIBADANBgkqhkiG9w0BAQUFADCBjjELMAkGA1UEBhMCVVMxCzAJBgNVBAgTAkNBMRYwFAYDVQQHEw1Nb3VudGFpbiBWaWV3MRQwEgYDVQQKEwtQYXlQYWwgSW5jLjETMBEGA1UECxQKbGl2ZV9jZXJ0czERMA8GA1UEAxQIbGl2ZV9hcGkxHDAaBgkqhkiG9w0BCQEWDXJlQHBheXBhbC5jb20wHhcNMDQwMjEzMTAxMzE1WhcNMzUwMjEzMTAxMzE1WjCBjjELMAkGA1UEBhMCVVMxCzAJBgNVBAgTAkNBMRYwFAYDVQQHEw1Nb3VudGFpbiBWaWV3MRQwEgYDVQQKEwtQYXlQYWwgSW5jLjETMBEGA1UECxQKbGl2ZV9jZXJ0czERMA8GA1UEAxQIbGl2ZV9hcGkxHDAaBgkqhkiG9w0BCQEWDXJlQHBheXBhbC5jb20wgZ8wDQYJKoZIhvcNAQEBBQADgY0AMIGJAoGBAMFHTt38RMxLXJyO2SmS+Ndl72T7oKJ4u4uw+6awntALWh03PewmIJuzbALScsTS4sZoS1fKciBGoh11gIfHzylvkdNe\/hJl66\/RGqrj5rFb08sAABNTzDTiqqNpJeBsYs\/c2aiGozptX2RlnBktH+SUNpAajW724Nv2Wvhif6sFAgMBAAGjge4wgeswHQYDVR0OBBYEFJaffLvGbxe9WT9S1wob7BDWZJRrMIG7BgNVHSMEgbMwgbCAFJaffLvGbxe9WT9S1wob7BDWZJRroYGUpIGRMIGOMQswCQYDVQQGEwJVUzELMAkGA1UECBMCQ0ExFjAUBgNVBAcTDU1vdW50YWluIFZpZXcxFDASBgNVBAoTC1BheVBhbCBJbmMuMRMwEQYDVQQLFApsaXZlX2NlcnRzMREwDwYDVQQDFAhsaXZlX2FwaTEcMBoGCSqGSIb3DQEJARYNcmVAcGF5cGFsLmNvbYIBADAMBgNVHRMEBTADAQH\/MA0GCSqGSIb3DQEBBQUAA4GBAIFfOlaagFrl71+jq6OKidbWFSE+Q4FqROvdgIONth+8kSK\/\/Y\/4ihuE4Ymvzn5ceE3S\/iBSQQMjyvb+s2TWbQYDwcp129OPIbD9epdr4tJOUNiSojw7BHwYRiPh58S1xGlFgHFXwrEBb3dgNbMUa+u4qectsMAXpVHnD9wIyfmHMYIBmjCCAZYCAQEwgZQwgY4xCzAJBgNVBAYTAlVTMQswCQYDVQQIEwJDQTEWMBQGA1UEBxMNTW91bnRhaW4gVmlldzEUMBIGA1UEChMLUGF5UGFsIEluYy4xEzARBgNVBAsUCmxpdmVfY2VydHMxETAPBgNVBAMUCGxpdmVfYXBpMRwwGgYJKoZIhvcNAQkBFg1yZUBwYXlwYWwuY29tAgEAMAkGBSsOAwIaBQCgXTAYBgkqhkiG9w0BCQMxCwYJKoZIhvcNAQcBMBwGCSqGSIb3DQEJBTEPFw0yNjA0MTcwNzQxNTFaMCMGCSqGSIb3DQEJBDEWBBQq4oINDKAeJtZeeXK0fPtiVcCg6jANBgkqhkiG9w0BAQEFAASBgF\/T9UDZPMxeUL+dvWCY+jq6e12MOciXOCk43\/V1C+m4joPFb8XA5GOQMufiUhUpOJpBRDoqgPC0QZbqIEuVe9azhkYMwNw46\/u7HrIclHO4B1lyZamPrtGKZaieXp\/pWfWrU4y8sjtwNl8DcthknnH9mBkSnYNkd\/4yQtAtNvGZ-----END PKCS7-----\" \/>\n<input type=\"hidden\" name=\"cmd\" value=\"_s-xclick\" \/>\n<\/form><br \/> <br \/> <\/center><\/p>\n<p><em>Bases fondamentales des \u00e9quilibres sur les mains<\/em> est un livre qui m'a pris de nombreux mois \u00e0 \u00e9crire. J'y ai mis beaucoup d'efforts afin qu'il soit complet et puisse accompagner ceux qui l'ach\u00e8tent pour nombre d'ann\u00e9es d'entra\u00eenement. Tout ce que j'y ai \u00e9crit, je l'ai test\u00e9 et enseign\u00e9 \u00e0 au moins une personne, ou ai aid\u00e9 au moins une personne \u00e0 l'apprendre.<\/p>\n<p>Le contenu de ce livre n'est cependant pas total, car il m'\u00e9tait impossible d'\u00e9crire absolument tout ce que je savais, sans compter le fait que personne ne sait tout de toute fa\u00e7on. Je me suis donc concentr\u00e9 sur un contenu davantage technique, \u00e0 int\u00e9grer au sein de l'entra\u00eenement de chacun. J'aurais pu le faire aller plus loin en y incluant des \u00e9l\u00e9ments plus avanc\u00e9s, comme par exemple l'\u00e9quilibre \u00e0 une main ou des mouvements de force, mais ce livre ayant pour but d'\u00e9tablir des bases solides comme le roc, ces enseignements n'y avaient pas leur place. Mais ne vous trompez pas ! Rien n'est plus important qu'une base solide, et le contr\u00f4le que vous procureront les exercices de <em>Bases fondamentales des \u00e9quilibres sur les mains<\/em> aura des r\u00e9percussions sur l'ensemble de votre entra\u00eenement.<\/p>\n<p>\u00c9ventuellement, j'\u00e9crirai d'autres livres, par exemple sur les \u00e9l\u00e9ments avanc\u00e9s d'\u00e9quilibrisme pour ceux qui sont int\u00e9ress\u00e9s \u00e0 aller plus loin dans les \u00e9quilibres (je devrai d'abord et avant tout en \u00e9prouver les techniques en apprenant moi-m\u00eame chacune d'entre elles, et en les enseignant \u00e0 au moins une personne), ou bien un livre ax\u00e9 plus sur la force et les mouvements de force.<\/p>\n<p>Voici une capture d'\u00e9cran de la couverture du livre et de sa table des mati\u00e8res (que vous pouvez utiliser pour naviguer facilement dans le document):<\/p>\n<p><a href=\"https:\/\/wandererstraining.com\/fr\/wp-content\/uploads\/2012\/02\/ScreenshotPDF.png\"><img decoding=\"async\" loading=\"lazy\" class=\"aligncenter size-full wp-image-380\" title=\"Bases fondamentales des \u00e9quilibres sur les mains\" src=\"https:\/\/wandererstraining.com\/fr\/wp-content\/uploads\/2012\/02\/ScreenshotPDF.png\" alt=\"Capture d'\u00e9cran\" width=\"478\" height=\"388\" srcset=\"https:\/\/wandererstraining.com\/fr\/wp-content\/uploads\/2012\/02\/ScreenshotPDF.png 956w, https:\/\/wandererstraining.com\/fr\/wp-content\/uploads\/2012\/02\/ScreenshotPDF-300x243.png 300w\" sizes=\"(max-width: 478px) 100vw, 478px\" \/><\/a><\/p>\n<!-- AddThis Advanced Settings generic via filter on the_content --><!-- AddThis Share Buttons generic via filter on the_content -->","protected":false},"excerpt":{"rendered":"<p>Retourner \u00e0 la boutique &nbsp; Cliquez ici pour t\u00e9l\u00e9charger un extraitCliquez ici pour t\u00e9l\u00e9charger un extrait Bases fondamentales des \u00e9quilibres sur les mains &#8211; 39,95$ CAN Livre au format PDF, contenant plus de 140 pages et 500 photos T\u00e9l\u00e9chargeable plus d&rsquo;une fois \u00e0 partir de la section membres, si vous perdez le fichier Vid\u00e9os de [&hellip;]<!-- AddThis Advanced Settings generic via filter on get_the_excerpt --><!-- AddThis Share Buttons generic via filter on get_the_excerpt --><\/p>\n","protected":false},"author":1,"featured_media":0,"parent":142,"menu_order":0,"comment_status":"open","ping_status":"open","template":"","meta":{"footnotes":""},"_links":{"self":[{"href":"https:\/\/wandererstraining.com\/fr\/index.php?rest_route=\/wp\/v2\/pages\/252"}],"collection":[{"href":"https:\/\/wandererstraining.com\/fr\/index.php?rest_route=\/wp\/v2\/pages"}],"about":[{"href":"https:\/\/wandererstraining.com\/fr\/index.php?rest_route=\/wp\/v2\/types\/page"}],"author":[{"embeddable":true,"href":"https:\/\/wandererstraining.com\/fr\/index.php?rest_route=\/wp\/v2\/users\/1"}],"replies":[{"embeddable":true,"href":"https:\/\/wandererstraining.com\/fr\/index.php?rest_route=%2Fwp%2Fv2%2Fcomments&post=252"}],"version-history":[{"count":27,"href":"https:\/\/wandererstraining.com\/fr\/index.php?rest_route=\/wp\/v2\/pages\/252\/revisions"}],"predecessor-version":[{"id":657,"href":"https:\/\/wandererstraining.com\/fr\/index.php?rest_route=\/wp\/v2\/pages\/252\/revisions\/657"}],"up":[{"embeddable":true,"href":"https:\/\/wandererstraining.com\/fr\/index.php?rest_route=\/wp\/v2\/pages\/142"}],"wp:attachment":[{"href":"https:\/\/wandererstraining.com\/fr\/index.php?rest_route=%2Fwp%2Fv2%2Fmedia&parent=252"}],"curies":[{"name":"wp","href":"https:\/\/api.w.org\/{rel}","templated":true}]}}