{"id":21,"date":"2011-03-25T23:59:28","date_gmt":"2011-03-26T07:59:28","guid":{"rendered":"http:\/\/wandererstraining.pcriot.com\/fr\/?page_id=21"},"modified":"2011-08-07T14:44:04","modified_gmt":"2011-08-07T22:44:04","slug":"qui-suis-je","status":"publish","type":"page","link":"https:\/\/wandererstraining.com\/fr\/?page_id=21","title":{"rendered":"Qui suis-je?"},"content":{"rendered":"<figure id=\"attachment_58\" aria-describedby=\"caption-attachment-58\" style=\"width: 175px\" class=\"wp-caption alignleft\"><a title=\"Barrack Jobama\" href=\"https:\/\/wandererstraining.com\/fr\/wp-content\/uploads\/2011\/03\/MePresident.jpg\"><img decoding=\"async\" loading=\"lazy\" class=\"size-full wp-image-58   \" title=\"Barrack Jobama\" src=\"https:\/\/wandererstraining.com\/fr\/wp-content\/uploads\/2011\/03\/MePresident.jpg\" alt=\"Barrack Jobama\" width=\"175\" height=\"207\" srcset=\"https:\/\/wandererstraining.com\/fr\/wp-content\/uploads\/2011\/03\/MePresident.jpg 350w, https:\/\/wandererstraining.com\/fr\/wp-content\/uploads\/2011\/03\/MePresident-253x300.jpg 253w\" sizes=\"(max-width: 175px) 100vw, 175px\" \/><\/a><figcaption id=\"caption-attachment-58\" class=\"wp-caption-text\">Avant d&#39;\u00eatre un joyeux vagabond, j&#39;\u00e9tais pr\u00e9sident des \u00c9tats-Unis.<\/figcaption><\/figure>\n<p style=\"text-align: justify;\">Peut-\u00eatre vous demandez-vous qui je suis. Si vous ne voulez pas le savoir, allez faire autre chose! Mais si vous \u00eates curieux, voici une r\u00e9ponse.<\/p>\n<p style=\"text-align: justify;\">Je m'appelle Jonathan. Je suis dans la vingtaine, originaire de Montr\u00e9al, une ville de la province de Qu\u00e9bec, au Canada. Ma profession: ... disons, que... je suis un athl\u00e8te aventurier. Je voyage, m'entra\u00eene, cherche \u00e0 en apprendre le plus possible sur \u00e0 peu pr\u00e8s tout mais surtout sur l'entra\u00eenement. Par entra\u00eenement, j'entends tout ce qui peut me rendre plus fort, plus flexible, plus r\u00e9sistant, plus apte \u00e0 r\u00e9ussir n'importe quelle t\u00e2che que j'aurai \u00e0 r\u00e9aliser. \u00c7a inclut aussi une importante pr\u00e9paration mentale et une qu\u00eate de ma propre ma\u00eetrise.<\/p>\n<p style=\"text-align: justify;\">Voici un bref curriculum. J'ai toujours \u00e9t\u00e9 tr\u00e8s actif, autant physiquement que mentalement. J'avais toujours besoin de bouger, et les seuls moments o\u00f9 je ne bougeais pas, c'\u00e9tait parce que mon attention \u00e9tait enti\u00e8rement port\u00e9e sur un quelconque objet de fascination. Autant dire qu'\u00e0 l'\u00e9cole, j'\u00e9tais turbulent et n'\u00e9coutais pas en classe.<\/p>\n<p style=\"text-align: justify;\">Ayant un surplus d'\u00e9nergie, mes parents m'ont inscrit \u00e0 un cours de gymnastique, lorsque j'avais six ou sept ans. Je n'y suis pas rest\u00e9 bien longtemps, mais j'y ai appris quelques bases int\u00e9ressantes. J'ai ensuite fait du judo. Puis, ma famille a d\u00e9m\u00e9nag\u00e9, je n'ai pas pu continuer le judo (mais j'aimais vraiment \u00e7a!), et j'ai \u00e9t\u00e9 inscrit \u00e0 une autre \u00e9cole. J'ai \u00e9t\u00e9 chanceux. Parce qu'\u00e0 cette \u00e9cole, \u00e0 chaque ann\u00e9e, certains professeurs et \u00e9l\u00e8ves s\u00e9lectionn\u00e9s pr\u00e9paraient un spectacle de cirque. La pr\u00e9paration de ce spectacle pouvait prendre jusqu'\u00e0 six mois, et le r\u00e9sultat \u00e9tait tr\u00e8s bon pour des \u00e9l\u00e8ves du primaire! C'est l\u00e0 que j'ai \u00e9t\u00e9 choisi pour faire un num\u00e9ro d'acrobatie. \u00c7a a r\u00e9veill\u00e9 en moi l'envie de faire de la gymnastique, et l'ann\u00e9e d'apr\u00e8s, mes parents m'ont inscrit au meilleur club de la province: IMCO (Centre Immacul\u00e9e-Conception), plus tard renomm\u00e9 <a href=\"http:\/\/www.centresablon.com\/sports_de_comp\u00e9tition\/gymnastique_masculine.aspx\">Centre P\u00e8re Sablon<\/a>.<\/p>\n<p style=\"text-align: justify;\">J'ai pass\u00e9 les douze ann\u00e9es suivantes \u00e0 faire de la gymnastique. Je me suis entra\u00een\u00e9 jusqu'\u00e0 un peu plus de quarante heures par semaine (mais vingt-quatre heures seulement en moyenne) et ai souffert de nombreuses blessures, pour atteindre le niveau national et y avoir des r\u00e9sultats probants \u00e0 plusieurs \u00e9preuves lors de comp\u00e9titions.<\/p>\n<p style=\"text-align: justify;\">Mais je remettais en question la n\u00e9cessit\u00e9 de comp\u00e9titionner. Au bout du compte, je ne voyais pas pourquoi je devrais me pr\u00e9parer pour un seul moment de gloire, alors que pour moi, l'important \u00e9tait de toujours \u00eatre pr\u00eat, peu importe ce qui arrive. Pourquoi faire autant de sacrifices, autant d'efforts, simplement pour d\u00e9montrer devant des juges que je peux \u00eatre meilleur que d'autres? Une fois mon moment de gloire pass\u00e9, apr\u00e8s que j'aie fait la fiert\u00e9 de mon club, de ma province et ultimement de mon pays, qu'est-ce qui reste? Prendre ma retraite en tant qu'athl\u00e8te, me souvenir du bon vieux temps, et souffrir de mes blessures? Non merci. J'aime la gymnastique, mais pour moi, la gymnastique, tout comme l'entra\u00eenement, doivent \u00eatre faits pour soi-m\u00eame et non pas pour les autres. Peu importe les buts, il faut le faire pour soi, et non pas le voir comme un sport, mais comme son art, comme quelque chose qu'on polit avec l'exp\u00e9rience, et non comme une performance qui finit par s'\u00e9roder avec l'\u00e2ge. Quelque chose que l'on peut un jour transmettre, et qui peu importe la situation, nous sera d'une aide inestimable, ne serait-ce que gr\u00e2ce aux qualit\u00e9s que l'on aura obtenues par la pratique. L'entra\u00eenement, c'est ce qui ouvre les portes, et nous permet d'aller et venir comme bon nous semble.<\/p>\n<p style=\"text-align: justify;\">C'est dans cet \u00e9tat d'esprit que j'ai commenc\u00e9 \u00e0 ajouter diverses techniques d'entra\u00eenement \u00e0 ma gymnastique. Pendant des ann\u00e9es, j'ai recherch\u00e9 des techniques qui me permettraient de m'am\u00e9liorer n'importe o\u00f9, peu importe mes ressources.<\/p>\n<p style=\"text-align: justify;\">Ensuite, \u00e0 l'\u00e2ge de vingt ans, je suis all\u00e9 faire un tour chez les pompiers. Puis, en ressortant des pompiers, je suis retourn\u00e9 bri\u00e8vement \u00e0 la gymnastique, avant de participer \u00e0 des recherches sur l'augmentation des capacit\u00e9s li\u00e9es au combat, et de faire une courte incursion dans le monde des arts martiaux.<\/p>\n<p style=\"text-align: justify;\">Apr\u00e8s quoi, j'ai tout quitt\u00e9, et j'ai continu\u00e9 de m'entra\u00eener tout seul, autant chez moi que dans un bois\u00e9 situ\u00e9 \u00e0 quelques kilom\u00e8tres. Puis, je me suis int\u00e9gr\u00e9 \u00e0 la sc\u00e8ne de parkour montr\u00e9alaise, m'y faisant beaucoup d'amis et trouvant une discipline avec laquelle je suis parfaitement en accord.<\/p>\n<p style=\"text-align: justify;\">Puis, je suis parti voyager. Dans le but de relever des d\u00e9fis, d'apprendre \u00e0 me d\u00e9brouiller, de d\u00e9couvrir mes vraies ressources, de rechercher d'autres techniques d'entra\u00eenement, de rencontrer des gens avec qui poursuivre mon entra\u00eenement, et de naviguer parmi une immense mer d'opportunit\u00e9s. Aussi dans le but de lib\u00e9rer mon esprit, de me d\u00e9tacher de mes illusions et de me d\u00e9faire des images que j'ai, avec pour r\u00e9sultat de me conna\u00eetre r\u00e9ellement.<\/p>\n<p style=\"text-align: justify;\">Je me suis arr\u00eat\u00e9 \u00e0 Vancouver, o\u00f9 j'ai travaill\u00e9 pour <a href=\"http:\/\/vancouvercircusschool.ca\/\">Vancouver Circus School<\/a>, <a href=\"http:\/\/innerring.ca\">Inner Ring<\/a>, et v\u00e9cu chez <a href=\"http:\/\/projectwarrior.ca\">Project Warrior<\/a>, o\u00f9 j'ai aussi entra\u00een\u00e9 des gens. J'ai aussi travaill\u00e9 un peu pour l'industrie du film, comme mod\u00e8le, et j'ai d\u00e9montr\u00e9 mes capacit\u00e9s sur la rue lorsque je manquais d'argent.<\/p>\n<p style=\"text-align: justify;\">\u00c7a m'a donn\u00e9 la chance d'apprendre beaucoup de choses int\u00e9ressantes, de m'entra\u00eener fort, et maintenant, je suis pr\u00eat \u00e0 repartir pour vivre de nouvelles aventures! Quels sont mes buts?<\/p>\n<p style=\"text-align: justify;\">Je veux parcourir le monde sur le pouce ou \u00e0 pied, dormir dehors \u00e0 peu pr\u00e8s tout le temps, avoir des probl\u00e8mes pour pouvoir trouver des solutions, apprendre les arts martiaux, d\u00e9velopper une force, une endurance et une flexibilit\u00e9 surhumaines, faire du parkour partout, rencontrer des gens int\u00e9ressants, et aider le plus de gens possible sur mon chemin. Tous les pays m'int\u00e9ressent, et j'esp\u00e8re avoir la chance d'arriver \u00e0 plusieurs endroits avec quasiment rien, et avoir \u00e0 me cr\u00e9er une nouvelle vie \u00e0 partir de z\u00e9ro \u00e0 chaque fois.<\/p>\n<p style=\"text-align: justify;\">\n<p style=\"text-align: right;\"><a href=\"..\/index.php?language=english&amp;redirect=en\/?page_id=25\">Read in English<\/a><\/p>\n<!-- AddThis Advanced Settings generic via filter on the_content --><!-- AddThis Share Buttons generic via filter on the_content -->","protected":false},"excerpt":{"rendered":"<p>Peut-\u00eatre vous demandez-vous qui je suis. Si vous ne voulez pas le savoir, allez faire autre chose! Mais si vous \u00eates curieux, voici une r\u00e9ponse. Je m&rsquo;appelle Jonathan. Je suis dans la vingtaine, originaire de Montr\u00e9al, une ville de la province de Qu\u00e9bec, au Canada. Ma profession: &#8230; disons, que&#8230; je suis un athl\u00e8te aventurier. [&hellip;]<!-- AddThis Advanced Settings generic via filter on get_the_excerpt --><!-- AddThis Share Buttons generic via filter on get_the_excerpt --><\/p>\n","protected":false},"author":1,"featured_media":0,"parent":0,"menu_order":0,"comment_status":"open","ping_status":"open","template":"","meta":{"footnotes":""},"_links":{"self":[{"href":"https:\/\/wandererstraining.com\/fr\/index.php?rest_route=\/wp\/v2\/pages\/21"}],"collection":[{"href":"https:\/\/wandererstraining.com\/fr\/index.php?rest_route=\/wp\/v2\/pages"}],"about":[{"href":"https:\/\/wandererstraining.com\/fr\/index.php?rest_route=\/wp\/v2\/types\/page"}],"author":[{"embeddable":true,"href":"https:\/\/wandererstraining.com\/fr\/index.php?rest_route=\/wp\/v2\/users\/1"}],"replies":[{"embeddable":true,"href":"https:\/\/wandererstraining.com\/fr\/index.php?rest_route=%2Fwp%2Fv2%2Fcomments&post=21"}],"version-history":[{"count":47,"href":"https:\/\/wandererstraining.com\/fr\/index.php?rest_route=\/wp\/v2\/pages\/21\/revisions"}],"predecessor-version":[{"id":41,"href":"https:\/\/wandererstraining.com\/fr\/index.php?rest_route=\/wp\/v2\/pages\/21\/revisions\/41"}],"wp:attachment":[{"href":"https:\/\/wandererstraining.com\/fr\/index.php?rest_route=%2Fwp%2Fv2%2Fmedia&parent=21"}],"curies":[{"name":"wp","href":"https:\/\/api.w.org\/{rel}","templated":true}]}}