{"id":200,"date":"2012-02-01T14:04:37","date_gmt":"2012-02-01T22:04:37","guid":{"rendered":"http:\/\/wandererstraining.com\/fr\/?page_id=200"},"modified":"2012-02-01T15:12:17","modified_gmt":"2012-02-01T23:12:17","slug":"affiliate-area","status":"publish","type":"page","link":"https:\/\/wandererstraining.com\/fr\/?page_id=200","title":{"rendered":"Section des affili\u00e9s"},"content":{"rendered":"<p>[affiliates_is_not_affiliate]<\/p>\n<p>Veuillez vous connecter pour acc\u00e9der \u00e0 la section des affili\u00e9.<\/p>\n<p>[affiliates_login_redirect]<\/p>\n<p>Si vous n'\u00eates pas un affili\u00e9, vous pouvez vous inscrire ici:<\/p>\n<p>[affiliates_registration]<br \/>\n[\/affiliates_is_not_affiliate]<\/p>\n<p>[affiliates_is_affiliate]<\/p>\n<p>Bienvenue dans la section des affili\u00e9s. Vous pouvez y trouver des informations sur votre lien d'affili\u00e9 et sur vos gains.<\/p>\n<h3>Lien d'affili\u00e9<\/h3>\n<p>Votre lien d'affili\u00e9:<br \/>\n<code>[affiliates_url]<\/code><\/p>\n<p>Utilisez ce code pour int\u00e9grer votre lien d'affili\u00e9:<br \/>\n<code>&lt;a href=\"[affiliates_url]\"&gt;Lien d'affili\u00e9&lt;\/a&gt;<\/code><\/p>\n<p>Tip: Vous devriez changer <em>Lien d'affili\u00e9<\/em> par quelque chose de plus attirant.<\/p>\n<h3>Performance<\/h3>\n<h4>Gains<\/h4>\n<h5>Paiement de commissions en attente<\/h5>\n<p>[affiliates_referrals show=\"total\" status=\"accepted\"]<\/p>\n<h5>Commissions pay\u00e9es<\/h5>\n<p>[affiliates_referrals show=\"total\" status=\"closed\"]<\/p>\n<h4>Nombre de r\u00e9f\u00e9rences<\/h4>\n<ul>\n<li>Paiement des r\u00e9f\u00e9rences accept\u00e9es en attente: [affiliates_referrals status=\"accepted\"]<\/li>\n<li>R\u00e9f\u00e9rences pay\u00e9es: [affiliates_referrals status=\"closed\"]<\/li>\n<\/ul>\n<h5>Profil<\/h5>\n<p>[affiliates_affiliate_profile edit_name=\"true\" edit_email=\"true\" show_attributes=\"paypal_email,referal_rate\" \/]<\/p>\n<h5>[affiliates_logout]<\/h5>\n<p>[\/affiliates_is_affiliate]<\/p>\n<!-- AddThis Advanced Settings generic via filter on the_content --><!-- AddThis Share Buttons generic via filter on the_content -->","protected":false},"excerpt":{"rendered":"<p>[affiliates_is_not_affiliate] Veuillez vous connecter pour acc\u00e9der \u00e0 la section des affili\u00e9. [affiliates_login_redirect] Si vous n&rsquo;\u00eates pas un affili\u00e9, vous pouvez vous inscrire ici: [affiliates_registration] [\/affiliates_is_not_affiliate] [affiliates_is_affiliate] Bienvenue dans la section des affili\u00e9s. Vous pouvez y trouver des informations sur votre lien d&rsquo;affili\u00e9 et sur vos gains. Lien d&rsquo;affili\u00e9 Votre lien d&rsquo;affili\u00e9: [affiliates_url] Utilisez ce code [&hellip;]<!-- AddThis Advanced Settings generic via filter on get_the_excerpt --><!-- AddThis Share Buttons generic via filter on get_the_excerpt --><\/p>\n","protected":false},"author":1,"featured_media":0,"parent":0,"menu_order":0,"comment_status":"closed","ping_status":"closed","template":"","meta":{"footnotes":""},"_links":{"self":[{"href":"https:\/\/wandererstraining.com\/fr\/index.php?rest_route=\/wp\/v2\/pages\/200"}],"collection":[{"href":"https:\/\/wandererstraining.com\/fr\/index.php?rest_route=\/wp\/v2\/pages"}],"about":[{"href":"https:\/\/wandererstraining.com\/fr\/index.php?rest_route=\/wp\/v2\/types\/page"}],"author":[{"embeddable":true,"href":"https:\/\/wandererstraining.com\/fr\/index.php?rest_route=\/wp\/v2\/users\/1"}],"replies":[{"embeddable":true,"href":"https:\/\/wandererstraining.com\/fr\/index.php?rest_route=%2Fwp%2Fv2%2Fcomments&post=200"}],"version-history":[{"count":8,"href":"https:\/\/wandererstraining.com\/fr\/index.php?rest_route=\/wp\/v2\/pages\/200\/revisions"}],"predecessor-version":[{"id":210,"href":"https:\/\/wandererstraining.com\/fr\/index.php?rest_route=\/wp\/v2\/pages\/200\/revisions\/210"}],"wp:attachment":[{"href":"https:\/\/wandererstraining.com\/fr\/index.php?rest_route=%2Fwp%2Fv2%2Fmedia&parent=200"}],"curies":[{"name":"wp","href":"https:\/\/api.w.org\/{rel}","templated":true}]}}