{"id":142,"date":"2012-01-24T15:05:54","date_gmt":"2012-01-24T23:05:54","guid":{"rendered":"http:\/\/wandererstraining.com\/fr\/?page_id=142"},"modified":"2014-08-13T00:46:01","modified_gmt":"2014-08-13T08:46:01","slug":"boutique","status":"publish","type":"page","link":"https:\/\/wandererstraining.com\/fr\/?page_id=142","title":{"rendered":"Boutique"},"content":{"rendered":"<\/p>\n<h5 style=\"color: #f00;\">Si vous avez d\u00e9j\u00e0 un compte, connectez-vous avant d'acheter quoi que ce soit, pour que votre achat soit associ\u00e9 \u00e0 votre compte. Si vous avez d\u00e9j\u00e0 un compte et que vous ne vous connectez pas, vous devrez utiliser deux comptes diff\u00e9rents. <a href=\"https:\/\/wandererstraining.com\/fr\/wp-login.php\">Connectez-vous ici.<\/a><\/h5>\n<p>\n<br \/> <\/p>\n<p><center><a href=\"https:\/\/wandererstraining.com\/fr\/?page_id=252\"><strong>Bases fondamentales des \u00e9quilibres sur les mains - 39,95$ CAN<\/strong><br \/> <img decoding=\"async\" src=\"https:\/\/wandererstraining.com\/fr\/wp-content\/uploads\/2012\/03\/BFDESLM-eBook.png\" alt=\"Bases fondamentales des \u00e9quilibres sur les mains\" \/><\/a><\/center><\/p>\n<p>&nbsp;<\/p>\n<p style=\"text-align: center;\"><span style=\"width: 450px; text-align: justify; display: block; margin-left: auto; margin-right: auto;\">Voici l'un des livres (livre num\u00e9rique au format PDF) les plus complets sur les bases des \u00e9quilibres sur les mains. Plus de 140 pages et 500 photos, et un acc\u00e8s \u00e0 des vid\u00e9os de d\u00e9monstration des techniques via la zone membres. Pour 39,95$, vous y avez un acc\u00e8s \u00e0 vie, et pouvez t\u00e9l\u00e9charger les nouvelles \u00e9ditions gratuitement. <strong>Cliquez sur l'image pour obtenir plus de d\u00e9tails et acheter le livre.<\/strong><\/span><\/p>\n<p><\/p>\n<hr \/>\n<p>&nbsp;<\/p>\n<!-- AddThis Advanced Settings generic via filter on the_content --><!-- AddThis Share Buttons generic via filter on the_content -->","protected":false},"excerpt":{"rendered":"<p>&nbsp;<!-- AddThis Advanced Settings generic via filter on get_the_excerpt --><!-- AddThis Share Buttons generic via filter on get_the_excerpt --><\/p>\n","protected":false},"author":1,"featured_media":0,"parent":0,"menu_order":0,"comment_status":"open","ping_status":"open","template":"","meta":{"footnotes":""},"_links":{"self":[{"href":"https:\/\/wandererstraining.com\/fr\/index.php?rest_route=\/wp\/v2\/pages\/142"}],"collection":[{"href":"https:\/\/wandererstraining.com\/fr\/index.php?rest_route=\/wp\/v2\/pages"}],"about":[{"href":"https:\/\/wandererstraining.com\/fr\/index.php?rest_route=\/wp\/v2\/types\/page"}],"author":[{"embeddable":true,"href":"https:\/\/wandererstraining.com\/fr\/index.php?rest_route=\/wp\/v2\/users\/1"}],"replies":[{"embeddable":true,"href":"https:\/\/wandererstraining.com\/fr\/index.php?rest_route=%2Fwp%2Fv2%2Fcomments&post=142"}],"version-history":[{"count":111,"href":"https:\/\/wandererstraining.com\/fr\/index.php?rest_route=\/wp\/v2\/pages\/142\/revisions"}],"predecessor-version":[{"id":569,"href":"https:\/\/wandererstraining.com\/fr\/index.php?rest_route=\/wp\/v2\/pages\/142\/revisions\/569"}],"wp:attachment":[{"href":"https:\/\/wandererstraining.com\/fr\/index.php?rest_route=%2Fwp%2Fv2%2Fmedia&parent=142"}],"curies":[{"name":"wp","href":"https:\/\/api.w.org\/{rel}","templated":true}]}}